{"id":372,"date":"2022-03-04T10:26:01","date_gmt":"2022-03-04T09:26:01","guid":{"rendered":"https:\/\/alphapsithurism.com\/?page_id=372"},"modified":"2022-12-04T13:28:40","modified_gmt":"2022-12-04T12:28:40","slug":"videos-making-of","status":"publish","type":"page","link":"https:\/\/alphapsithurism.com\/index.php\/videos-making-of\/","title":{"rendered":"L&rsquo;envers du d\u00e9cor"},"content":{"rendered":"\n<p class=\"has-text-align-center\">J&rsquo;adore observer d&rsquo;autres artistes travailler, alors je me suis dit qu&rsquo;il serait int\u00e9ressant de montrer comment je travaille, la progression de mes peintures et le passage du premier croquis (voire m\u00eame de la phase de recherche) au produit fini. <\/p>\n\n\n\n<p class=\"has-text-align-center\">Vous trouverez ci dessous quelques vid\u00e9os qui vous donnerons un aper\u00e7u de l&rsquo;envers du d\u00e9cor &#8230;<\/p>\n\n\n\n<div class=\"wp-block-columns is-layout-flex wp-container-core-columns-is-layout-1 wp-block-columns-is-layout-flex\">\n<div class=\"wp-block-column is-vertically-aligned-center is-layout-flow wp-block-column-is-layout-flow\" style=\"flex-basis:100%\">\n<figure class=\"wp-block-video aligncenter\"><video controls poster=\"https:\/\/alphapsithurism.com\/wp-content\/uploads\/2022\/03\/EPSON017-2-1-scaled.jpg\" src=\"https:\/\/alphapsithurism.com\/wp-content\/uploads\/2022\/03\/Videoleap_2022_02_24_17_39_46_395.mp4\"><\/video><figcaption>Cr\u00e9dit musique : Nikos Spiliotis &#8211; Love Waltz<\/figcaption><\/figure>\n\n\n\n<figure class=\"wp-block-video aligncenter\"><video controls poster=\"https:\/\/alphapsithurism.com\/wp-content\/uploads\/2022\/05\/20220411_1744130-03-01-scaled.jpeg\" src=\"https:\/\/alphapsithurism.com\/wp-content\/uploads\/2022\/05\/Videoleap_2022_04_12_12_02_15_175.mp4\"><\/video><figcaption>Cr\u00e9dit musique : Epic Cinematic Trailer | ELITE by Alex-Productions<\/figcaption><\/figure>\n<\/div>\n<\/div>\n","protected":false},"excerpt":{"rendered":"<p>J&rsquo;adore observer d&rsquo;autres artistes travailler, alors je me suis dit qu&rsquo;il serait int\u00e9ressant de montrer comment&#46;&#46;&#46;<\/p>\n","protected":false},"author":1,"featured_media":465,"parent":0,"menu_order":-1,"comment_status":"closed","ping_status":"closed","template":"","meta":{"two_page_speed":[],"footnotes":""},"aioseo_notices":[],"jetpack_sharing_enabled":true,"_links":{"self":[{"href":"https:\/\/alphapsithurism.com\/index.php\/wp-json\/wp\/v2\/pages\/372"}],"collection":[{"href":"https:\/\/alphapsithurism.com\/index.php\/wp-json\/wp\/v2\/pages"}],"about":[{"href":"https:\/\/alphapsithurism.com\/index.php\/wp-json\/wp\/v2\/types\/page"}],"author":[{"embeddable":true,"href":"https:\/\/alphapsithurism.com\/index.php\/wp-json\/wp\/v2\/users\/1"}],"replies":[{"embeddable":true,"href":"https:\/\/alphapsithurism.com\/index.php\/wp-json\/wp\/v2\/comments?post=372"}],"version-history":[{"count":12,"href":"https:\/\/alphapsithurism.com\/index.php\/wp-json\/wp\/v2\/pages\/372\/revisions"}],"predecessor-version":[{"id":2558,"href":"https:\/\/alphapsithurism.com\/index.php\/wp-json\/wp\/v2\/pages\/372\/revisions\/2558"}],"wp:featuredmedia":[{"embeddable":true,"href":"https:\/\/alphapsithurism.com\/index.php\/wp-json\/wp\/v2\/media\/465"}],"wp:attachment":[{"href":"https:\/\/alphapsithurism.com\/index.php\/wp-json\/wp\/v2\/media?parent=372"}],"curies":[{"name":"wp","href":"https:\/\/api.w.org\/{rel}","templated":true}]}}